{"id":7242,"date":"2021-06-12T10:09:59","date_gmt":"2021-06-12T10:09:59","guid":{"rendered":"https:\/\/korzite.com\/devenez-distributeur\/"},"modified":"2024-12-14T20:16:29","modified_gmt":"2024-12-14T20:16:29","slug":"devenez-distributeur","status":"publish","type":"page","link":"https:\/\/korzite.com\/fr\/devenez-distributeur\/","title":{"rendered":"Devenez distributeur"},"content":{"rendered":"\t\t<div data-elementor-type=\"wp-page\" data-elementor-id=\"7242\" class=\"elementor elementor-7242 elementor-6123\" data-elementor-post-type=\"page\">\n\t\t\t\t\t\t<section class=\"elementor-section elementor-top-section elementor-element elementor-element-1440b39 elementor-section-full_width elementor-section-height-min-height elementor-section-stretched elementor-section-height-default elementor-section-items-middle\" data-id=\"1440b39\" data-element_type=\"section\" data-e-type=\"section\" data-settings=\"{&quot;stretch_section&quot;:&quot;section-stretched&quot;,&quot;background_background&quot;:&quot;classic&quot;}\">\n\t\t\t\t\t\t<div class=\"elementor-container elementor-column-gap-default\">\n\t\t\t\t\t<div class=\"elementor-column elementor-col-100 elementor-top-column elementor-element elementor-element-b96e82c\" data-id=\"b96e82c\" data-element_type=\"column\" data-e-type=\"column\">\n\t\t\t<div class=\"elementor-widget-wrap elementor-element-populated\">\n\t\t\t\t\t\t<section class=\"elementor-section elementor-inner-section elementor-element elementor-element-8813104 elementor-section-height-min-height elementor-section-boxed elementor-section-height-default\" data-id=\"8813104\" data-element_type=\"section\" data-e-type=\"section\">\n\t\t\t\t\t\t<div class=\"elementor-container elementor-column-gap-default\">\n\t\t\t\t\t<div class=\"elementor-column elementor-col-33 elementor-inner-column elementor-element elementor-element-882ca17\" data-id=\"882ca17\" data-element_type=\"column\" data-e-type=\"column\">\n\t\t\t<div class=\"elementor-widget-wrap\">\n\t\t\t\t\t\t\t<\/div>\n\t\t<\/div>\n\t\t\t\t<div class=\"elementor-column elementor-col-33 elementor-inner-column elementor-element elementor-element-518978a\" data-id=\"518978a\" data-element_type=\"column\" data-e-type=\"column\">\n\t\t\t<div class=\"elementor-widget-wrap elementor-element-populated\">\n\t\t\t\t\t\t<div class=\"elementor-element elementor-element-1509857 elementor-widget elementor-widget-text-editor\" data-id=\"1509857\" data-element_type=\"widget\" data-e-type=\"widget\" data-widget_type=\"text-editor.default\">\n\t\t\t\t<div class=\"elementor-widget-container\">\n\t\t\t\t\t\t\t\t\t<p>Devenez distributeur<\/p>\n\t\t\t\t\t\t\t\t<\/div>\n\t\t\t\t<\/div>\n\t\t\t\t\t<\/div>\n\t\t<\/div>\n\t\t\t\t<div class=\"elementor-column elementor-col-33 elementor-inner-column elementor-element elementor-element-3b73fe1\" data-id=\"3b73fe1\" data-element_type=\"column\" data-e-type=\"column\">\n\t\t\t<div class=\"elementor-widget-wrap\">\n\t\t\t\t\t\t\t<\/div>\n\t\t<\/div>\n\t\t\t\t\t<\/div>\n\t\t<\/section>\n\t\t\t\t\t<\/div>\n\t\t<\/div>\n\t\t\t\t\t<\/div>\n\t\t<\/section>\n\t\t\t\t<section class=\"elementor-section elementor-top-section elementor-element elementor-element-50c6ae5 elementor-section-boxed elementor-section-height-default elementor-section-height-default\" data-id=\"50c6ae5\" data-element_type=\"section\" data-e-type=\"section\">\n\t\t\t\t\t\t<div class=\"elementor-container elementor-column-gap-default\">\n\t\t\t\t\t<div class=\"elementor-column elementor-col-100 elementor-top-column elementor-element elementor-element-f9f4e1e\" data-id=\"f9f4e1e\" data-element_type=\"column\" data-e-type=\"column\">\n\t\t\t<div class=\"elementor-widget-wrap elementor-element-populated\">\n\t\t\t\t\t\t<section class=\"elementor-section elementor-inner-section elementor-element elementor-element-b06ff63 elementor-section-boxed elementor-section-height-default elementor-section-height-default\" data-id=\"b06ff63\" data-element_type=\"section\" data-e-type=\"section\">\n\t\t\t\t\t\t<div class=\"elementor-container elementor-column-gap-default\">\n\t\t\t\t\t<div class=\"elementor-column elementor-col-100 elementor-inner-column elementor-element elementor-element-184b7ca\" data-id=\"184b7ca\" data-element_type=\"column\" data-e-type=\"column\">\n\t\t\t<div class=\"elementor-widget-wrap elementor-element-populated\">\n\t\t\t\t\t\t<div class=\"elementor-element elementor-element-b768175 elementor-widget elementor-widget-text-editor\" data-id=\"b768175\" data-element_type=\"widget\" data-e-type=\"widget\" data-widget_type=\"text-editor.default\">\n\t\t\t\t<div class=\"elementor-widget-container\">\n\t\t\t\t\t\t\t\t\t<p>Nos distributeurs sont le lien entre notre usine de fabrication et nos clients finaux.<br \/>\nEn tant que distributeur autoris\u00e9 par Korzite, vous recevrez une formation portant directement sur l\u2019utilisation de nos produits, l&#8217;acc\u00e8s \u00e0 des supports de vente et de marketing, ainsi que la tranquillit\u00e9 d\u2019esprit gr\u00e2ce \u00e0 l\u2019autorisation contractuelle de vendre nos produits.<br \/>\nQue ce soit pour ajouter des produits \u201cparfaitement adapt\u00e9s\u201d \u00e0 votre portefeuille de distribution, mettre les bons produits sur les \u00e9tag\u00e8res de votre magasin, ou trouver une solution sp\u00e9cialis\u00e9e, un partenariat avec Korzite pourrait \u00eatre id\u00e9al pour vous.<br \/>\nPour plus d\u2019informations, veuillez remplir et soumettre le formulaire ci-dessous.<\/p>\n\t\t\t\t\t\t\t\t<\/div>\n\t\t\t\t<\/div>\n\t\t\t\t\t<\/div>\n\t\t<\/div>\n\t\t\t\t\t<\/div>\n\t\t<\/section>\n\t\t\t\t\t<\/div>\n\t\t<\/div>\n\t\t\t\t\t<\/div>\n\t\t<\/section>\n\t\t\t\t<section class=\"elementor-section elementor-top-section elementor-element elementor-element-15a7756 elementor-section-boxed elementor-section-height-default elementor-section-height-default\" data-id=\"15a7756\" data-element_type=\"section\" data-e-type=\"section\">\n\t\t\t\t\t\t<div class=\"elementor-container elementor-column-gap-default\">\n\t\t\t\t\t<div class=\"elementor-column elementor-col-100 elementor-top-column elementor-element elementor-element-0d1a8c3\" data-id=\"0d1a8c3\" data-element_type=\"column\" data-e-type=\"column\">\n\t\t\t<div class=\"elementor-widget-wrap elementor-element-populated\">\n\t\t\t\t\t\t<div class=\"elementor-element elementor-element-d3cea19 elementor-widget elementor-widget-wpforms\" data-id=\"d3cea19\" data-element_type=\"widget\" data-e-type=\"widget\" data-widget_type=\"wpforms.default\">\n\t\t\t\t<div class=\"elementor-widget-container\">\n\t\t\t\t\t<div class=\"wpforms-container wpforms-container-full\" id=\"wpforms-6781\"><form id=\"wpforms-form-6781\" class=\"wpforms-validate wpforms-form wpforms-ajax-form\" data-formid=\"6781\" method=\"post\" enctype=\"multipart\/form-data\" action=\"\/fr\/wp-json\/wp\/v2\/pages\/7242\" data-token=\"f8fb909190d5b8ff6474a787cdc620a2\" data-token-time=\"1777537204\"><div class=\"wpforms-head-container\"><div class=\"wpforms-title\">DISTRIBUTOR INQUIRY <\/div><\/div><noscript class=\"wpforms-error-noscript\">Veuillez activer JavaScript dans votre navigateur pour remplir ce formulaire.<\/noscript><div class=\"wpforms-field-container\"><div id=\"wpforms-6781-field_0-container\" class=\"wpforms-field wpforms-field-name\" data-field-id=\"0\"><label class=\"wpforms-field-label\">Name <span class=\"wpforms-required-label\">*<\/span><\/label><div class=\"wpforms-field-row wpforms-field-medium\"><div class=\"wpforms-field-row-block wpforms-first wpforms-one-half\"><input type=\"text\" id=\"wpforms-6781-field_0\" class=\"wpforms-field-name-first wpforms-field-required\" name=\"wpforms[fields][0][first]\" placeholder=\"Your First Name\" required><label for=\"wpforms-6781-field_0\" class=\"wpforms-field-sublabel after\">First<\/label><\/div><div class=\"wpforms-field-row-block wpforms-one-half\"><input type=\"text\" id=\"wpforms-6781-field_0-last\" class=\"wpforms-field-name-last wpforms-field-required\" name=\"wpforms[fields][0][last]\" placeholder=\"Your Last Name \" required><label for=\"wpforms-6781-field_0-last\" class=\"wpforms-field-sublabel after\">Last<\/label><\/div><\/div><\/div><div id=\"wpforms-6781-field_5-container\" class=\"wpforms-field wpforms-field-email\" data-field-id=\"5\"><label class=\"wpforms-field-label\">Email Address <span class=\"wpforms-required-label\">*<\/span><\/label><div class=\"wpforms-field-row wpforms-field-large\"><div class=\"wpforms-field-row-block wpforms-one-half wpforms-first\"><input type=\"email\" id=\"wpforms-6781-field_5\" class=\"wpforms-field-required wpforms-field-email-primary\" name=\"wpforms[fields][5][primary]\" placeholder=\"Email Address\" spellcheck=\"false\" required><label for=\"wpforms-6781-field_5\" class=\"wpforms-field-sublabel after\">E-mail<\/label><\/div><div class=\"wpforms-field-row-block wpforms-one-half\"><input type=\"email\" id=\"wpforms-6781-field_5-secondary\" class=\"wpforms-field-email-secondary wpforms-field-required\" data-rule-confirm=\"#wpforms-6781-field_5\" name=\"wpforms[fields][5][secondary]\" spellcheck=\"false\" required><label for=\"wpforms-6781-field_5-secondary\" class=\"wpforms-field-sublabel after\">Confirmez l\u2019e-mail<\/label><\/div><\/div><\/div><div id=\"wpforms-6781-field_8-container\" class=\"wpforms-field wpforms-field-name\" data-field-id=\"8\"><label class=\"wpforms-field-label\" for=\"wpforms-6781-field_8\">Company Name    <span class=\"wpforms-required-label\">*<\/span><\/label><input type=\"text\" id=\"wpforms-6781-field_8\" class=\"wpforms-field-large wpforms-field-required\" name=\"wpforms[fields][8]\" placeholder=\"Company Name\" required><\/div><div id=\"wpforms-6781-field_10-container\" class=\"wpforms-field wpforms-field-name\" data-field-id=\"10\"><label class=\"wpforms-field-label\" for=\"wpforms-6781-field_10\">Address <span class=\"wpforms-required-label\">*<\/span><\/label><div class=\"wpforms-field-row wpforms-field-large\"><div class=\"wpforms-field-row-block wpforms-first wpforms-one-half\"><input type=\"text\" id=\"wpforms-6781-field_10\" class=\"wpforms-field-name-first wpforms-field-required\" name=\"wpforms[fields][10][first]\" placeholder=\"Address\" required><label for=\"wpforms-6781-field_10\" class=\"wpforms-field-sublabel after wpforms-sublabel-hide\">First<\/label><\/div><div class=\"wpforms-field-row-block wpforms-one-half\"><input type=\"text\" id=\"wpforms-6781-field_10-last\" class=\"wpforms-field-name-last wpforms-field-required\" name=\"wpforms[fields][10][last]\" placeholder=\"City\" required><label for=\"wpforms-6781-field_10-last\" class=\"wpforms-field-sublabel after wpforms-sublabel-hide\">Last<\/label><\/div><\/div><\/div><div id=\"wpforms-6781-field_39-container\" class=\"wpforms-field wpforms-field-text\" data-field-id=\"39\"><label class=\"wpforms-field-label\" for=\"wpforms-6781-field_39\">Province or State <span class=\"wpforms-required-label\">*<\/span><\/label><input type=\"text\" id=\"wpforms-6781-field_39\" class=\"wpforms-field-small wpforms-field-required\" name=\"wpforms[fields][39]\" required><\/div><div id=\"wpforms-6781-field_33-container\" class=\"wpforms-field wpforms-field-name\" data-field-id=\"33\"><label class=\"wpforms-field-label\" for=\"wpforms-6781-field_33\">Postal \/ ZIP Code  <span class=\"wpforms-required-label\">*<\/span><\/label><input type=\"text\" id=\"wpforms-6781-field_33\" class=\"wpforms-field-small wpforms-field-required\" name=\"wpforms[fields][33]\" required><\/div><div id=\"wpforms-6781-field_31-container\" class=\"wpforms-field wpforms-field-name\" data-field-id=\"31\"><label class=\"wpforms-field-label\" for=\"wpforms-6781-field_31\">Telephone Number  <span class=\"wpforms-required-label\">*<\/span><\/label><div class=\"wpforms-field-row wpforms-field-medium\"><div class=\"wpforms-field-row-block wpforms-first wpforms-one-half\"><input type=\"text\" id=\"wpforms-6781-field_31\" class=\"wpforms-field-name-first wpforms-field-required\" name=\"wpforms[fields][31][first]\" placeholder=\"Area Code\" required><label for=\"wpforms-6781-field_31\" class=\"wpforms-field-sublabel after wpforms-sublabel-hide\">First<\/label><\/div><div class=\"wpforms-field-row-block wpforms-one-half\"><input type=\"text\" id=\"wpforms-6781-field_31-last\" class=\"wpforms-field-name-last wpforms-field-required\" name=\"wpforms[fields][31][last]\" placeholder=\"Telephone\" required><label for=\"wpforms-6781-field_31-last\" class=\"wpforms-field-sublabel after wpforms-sublabel-hide\">Last<\/label><\/div><\/div><\/div><div id=\"wpforms-6781-field_15-container\" class=\"wpforms-field wpforms-field-name\" data-field-id=\"15\"><label class=\"wpforms-field-label\" for=\"wpforms-6781-field_15\">Extension<\/label><input type=\"text\" id=\"wpforms-6781-field_15\" class=\"wpforms-field-small\" name=\"wpforms[fields][15]\" ><\/div><div id=\"wpforms-6781-field_27-container\" class=\"wpforms-field wpforms-field-radio\" data-field-id=\"27\"><label class=\"wpforms-field-label\">Interested In<\/label><ul id=\"wpforms-6781-field_27\"><li class=\"choice-1 depth-1\"><input type=\"radio\" id=\"wpforms-6781-field_27_1\" name=\"wpforms[fields][27]\" value=\"Industrial Products\"  ><label class=\"wpforms-field-label-inline\" for=\"wpforms-6781-field_27_1\">Industrial Products<\/label><\/li><li class=\"choice-2 depth-1\"><input type=\"radio\" id=\"wpforms-6781-field_27_2\" name=\"wpforms[fields][27]\" value=\"Contractor Products\"  ><label class=\"wpforms-field-label-inline\" for=\"wpforms-6781-field_27_2\">Contractor Products<\/label><\/li><li class=\"choice-3 depth-1\"><input type=\"radio\" id=\"wpforms-6781-field_27_3\" name=\"wpforms[fields][27]\" value=\"Custom Solutions\"  ><label class=\"wpforms-field-label-inline\" for=\"wpforms-6781-field_27_3\">Custom Solutions<\/label><\/li><li class=\"choice-6 depth-1\"><input type=\"radio\" id=\"wpforms-6781-field_27_6\" name=\"wpforms[fields][27]\" value=\"Others\"  ><label class=\"wpforms-field-label-inline\" for=\"wpforms-6781-field_27_6\">Others<\/label><\/li><\/ul><\/div><div id=\"wpforms-6781-field_17-container\" class=\"wpforms-field wpforms-field-checkbox\" data-field-id=\"17\"><label class=\"wpforms-field-label\">Do we have your consent to contact your? <span class=\"wpforms-required-label\">*<\/span><\/label><ul id=\"wpforms-6781-field_17\" class=\"wpforms-field-required\"><li class=\"choice-1 depth-1\"><input type=\"checkbox\" id=\"wpforms-6781-field_17_1\" name=\"wpforms[fields][17][]\" value=\"*Yes I consent\" required ><label class=\"wpforms-field-label-inline\" for=\"wpforms-6781-field_17_1\">*Yes I consent<\/label><\/li><\/ul><\/div><div id=\"wpforms-6781-field_2-container\" class=\"wpforms-field wpforms-field-textarea\" data-field-id=\"2\"><label class=\"wpforms-field-label\" for=\"wpforms-6781-field_2\">Please tell us a little bit about your business. <span class=\"wpforms-required-label\">*<\/span><\/label><textarea id=\"wpforms-6781-field_2\" class=\"wpforms-field-medium wpforms-field-required\" name=\"wpforms[fields][2]\" placeholder=\"Include details about the type of business you are in and what information you would like from Korzite. Thanks!\" required><\/textarea><\/div><\/div><!-- .wpforms-field-container --><div class=\"wpforms-recaptcha-container wpforms-is-recaptcha wpforms-is-recaptcha-type-v2\" ><div class=\"g-recaptcha\" data-sitekey=\"6LeIxfAbAAAAAAG5W3B6KqlZ-grj9McRf7vh2dcF\"><\/div><input type=\"text\" name=\"g-recaptcha-hidden\" class=\"wpforms-recaptcha-hidden\" style=\"position:absolute!important;clip:rect(0,0,0,0)!important;height:1px!important;width:1px!important;border:0!important;overflow:hidden!important;padding:0!important;margin:0!important;\" data-rule-recaptcha=\"1\"><\/div><div class=\"wpforms-submit-container\" ><input type=\"hidden\" name=\"wpforms[id]\" value=\"6781\"><input type=\"hidden\" name=\"page_title\" value=\"\"><input type=\"hidden\" name=\"page_url\" value=\"https:\/\/korzite.com\/fr\/wp-json\/wp\/v2\/pages\/7242\"><input type=\"hidden\" name=\"url_referer\" value=\"\"><button type=\"submit\" name=\"wpforms[submit]\" id=\"wpforms-submit-6781\" class=\"wpforms-submit\" data-alt-text=\"Sending...\" data-submit-text=\"Submit\" aria-live=\"assertive\" value=\"wpforms-submit\">Submit<\/button><img decoding=\"async\" src=\"https:\/\/korzite.com\/wp-content\/plugins\/wpforms-lite\/assets\/images\/submit-spin.svg\" class=\"wpforms-submit-spinner\" style=\"display: none;\" width=\"26\" height=\"26\" alt=\"Chargement en cours\"><\/div><\/form><\/div>  <!-- .wpforms-container -->\t\t\t\t<\/div>\n\t\t\t\t<\/div>\n\t\t\t\t\t<\/div>\n\t\t<\/div>\n\t\t\t\t\t<\/div>\n\t\t<\/section>\n\t\t\t\t<\/div>\n\t\t","protected":false},"excerpt":{"rendered":"<p>Devenez distributeur Nos distributeurs sont le lien entre notre usine de fabrication et nos clients finaux. En tant que distributeur autoris\u00e9 par Korzite, vous recevrez une formation portant directement sur l\u2019utilisation de nos produits, l&#8217;acc\u00e8s \u00e0 des supports de vente et de marketing, ainsi que la tranquillit\u00e9 d\u2019esprit gr\u00e2ce \u00e0 l\u2019autorisation contractuelle de vendre nos [&hellip;]<\/p>\n","protected":false},"author":2,"featured_media":0,"parent":0,"menu_order":0,"comment_status":"closed","ping_status":"closed","template":"","meta":{"footnotes":""},"class_list":["post-7242","page","type-page","status-publish","hentry"],"_links":{"self":[{"href":"https:\/\/korzite.com\/fr\/wp-json\/wp\/v2\/pages\/7242","targetHints":{"allow":["GET"]}}],"collection":[{"href":"https:\/\/korzite.com\/fr\/wp-json\/wp\/v2\/pages"}],"about":[{"href":"https:\/\/korzite.com\/fr\/wp-json\/wp\/v2\/types\/page"}],"author":[{"embeddable":true,"href":"https:\/\/korzite.com\/fr\/wp-json\/wp\/v2\/users\/2"}],"replies":[{"embeddable":true,"href":"https:\/\/korzite.com\/fr\/wp-json\/wp\/v2\/comments?post=7242"}],"version-history":[{"count":0,"href":"https:\/\/korzite.com\/fr\/wp-json\/wp\/v2\/pages\/7242\/revisions"}],"wp:attachment":[{"href":"https:\/\/korzite.com\/fr\/wp-json\/wp\/v2\/media?parent=7242"}],"curies":[{"name":"wp","href":"https:\/\/api.w.org\/{rel}","templated":true}]}}