{"id":7290,"date":"2024-09-23T22:50:08","date_gmt":"2024-09-23T22:50:08","guid":{"rendered":"https:\/\/korzite.com\/?page_id=7290"},"modified":"2024-12-15T19:40:25","modified_gmt":"2024-12-15T19:40:25","slug":"politique-de-confidentialite","status":"publish","type":"page","link":"https:\/\/korzite.com\/fr\/politique-de-confidentialite\/","title":{"rendered":"Politique de confidentialit\u00e9"},"content":{"rendered":"\t\t<div data-elementor-type=\"wp-page\" data-elementor-id=\"7290\" class=\"elementor elementor-7290 elementor-7289\" data-elementor-post-type=\"page\">\n\t\t\t\t\t\t<section class=\"elementor-section elementor-top-section elementor-element elementor-element-3502ee1 elementor-section-full_width elementor-section-stretched elementor-section-height-default elementor-section-height-default\" data-id=\"3502ee1\" data-element_type=\"section\" data-e-type=\"section\" data-settings=\"{&quot;stretch_section&quot;:&quot;section-stretched&quot;}\">\n\t\t\t\t\t\t<div class=\"elementor-container elementor-column-gap-default\">\n\t\t\t\t\t<div class=\"elementor-column elementor-col-100 elementor-top-column elementor-element elementor-element-e47da0a\" data-id=\"e47da0a\" data-element_type=\"column\" data-e-type=\"column\">\n\t\t\t<div class=\"elementor-widget-wrap elementor-element-populated\">\n\t\t\t\t\t\t<div class=\"elementor-element elementor-element-299565f elementor-widget elementor-widget-image\" data-id=\"299565f\" data-element_type=\"widget\" data-e-type=\"widget\" data-widget_type=\"image.default\">\n\t\t\t\t<div class=\"elementor-widget-container\">\n\t\t\t\t\t\t\t\t\t\t\t\t\t\t\t<img decoding=\"async\" src=\"https:\/\/korzite.com\/wp-content\/uploads\/2021\/06\/CompanyBanner.jpg\" title=\"CompanyBanner\" alt=\"CompanyBanner\" loading=\"lazy\" \/>\t\t\t\t\t\t\t\t\t\t\t\t\t\t\t<\/div>\n\t\t\t\t<\/div>\n\t\t\t\t\t<\/div>\n\t\t<\/div>\n\t\t\t\t\t<\/div>\n\t\t<\/section>\n\t\t\t\t<section class=\"elementor-section elementor-top-section elementor-element elementor-element-d6bb1a2 elementor-section-boxed elementor-section-height-default elementor-section-height-default\" data-id=\"d6bb1a2\" data-element_type=\"section\" data-e-type=\"section\">\n\t\t\t\t\t\t<div class=\"elementor-container elementor-column-gap-default\">\n\t\t\t\t\t<div class=\"elementor-column elementor-col-100 elementor-top-column elementor-element elementor-element-0870790\" data-id=\"0870790\" data-element_type=\"column\" data-e-type=\"column\">\n\t\t\t<div class=\"elementor-widget-wrap elementor-element-populated\">\n\t\t\t\t\t\t<div class=\"elementor-element elementor-element-616f72f elementor-widget elementor-widget-text-editor\" data-id=\"616f72f\" data-element_type=\"widget\" data-e-type=\"widget\" data-widget_type=\"text-editor.default\">\n\t\t\t\t<div class=\"elementor-widget-container\">\n\t\t\t\t\t\t\t\t\t<h1><strong>Politique de confidentialit\u00e9<\/strong><\/h1>\n\t\t\t\t\t\t\t\t<\/div>\n\t\t\t\t<\/div>\n\t\t\t\t<div class=\"elementor-element elementor-element-7b04332 elementor-widget elementor-widget-text-editor\" data-id=\"7b04332\" data-element_type=\"widget\" data-e-type=\"widget\" data-widget_type=\"text-editor.default\">\n\t\t\t\t<div class=\"elementor-widget-container\">\n\t\t\t\t\t\t\t\t\t<strong>Derni\u00e8re mise \u00e0 jour<\/strong>\u00a0: Septembre 2024\r\n\r\nChez\u00a0<strong>Korzite Coatings Inc.<\/strong>, nous attachons une grande importance \u00e0 votre vie priv\u00e9e et nous nous engageons \u00e0 prot\u00e9ger vos informations personnelles. Cette politique de confidentialit\u00e9 explique comment nous collectons, utilisons et prot\u00e9geons vos informations.\r\n\r\n<strong>1. Collecte d&#8217;informations<\/strong>\r\nNous pouvons recueillir des informations personnelles telles que votre nom, adresse courriel, num\u00e9ro de t\u00e9l\u00e9phone et informations de paiement lorsque vous :\r\n<ul>\r\n \t<li>Effectuez un achat<\/li>\r\n \t<li>Vous abonnez \u00e0 notre newsletter<\/li>\r\n \t<li>Soumettez des demandes de renseignements<\/li>\r\n<\/ul>\r\n<strong>2. Utilisation des informations<\/strong>\r\nVos donn\u00e9es personnelles sont utilis\u00e9es pour :\r\n<ul>\r\n \t<li>Fournir des produits et services<\/li>\r\n \t<li>Traiter les commandes<\/li>\r\n \t<li>Communiquer des promotions ou mises \u00e0 jour<\/li>\r\n<\/ul>\r\n<strong>3. Partage des informations<\/strong>\r\nNous ne vendons pas vos informations personnelles. Cependant, nous pouvons les partager avec des fournisseurs de services tiers de confiance pour le traitement des paiements et \u00e0 des fins de marketing.\r\n\r\n<strong>4. S\u00e9curit\u00e9<\/strong>\r\nNous mettons en place des mesures de s\u00e9curit\u00e9 strictes, y compris des protocoles de chiffrement et SSL pour prot\u00e9ger vos donn\u00e9es.\r\n\r\n<strong>5. Fichiers t\u00e9moins<\/strong>\r\nNous utilisons des fichiers t\u00e9moins pour am\u00e9liorer la fonctionnalit\u00e9 du site. Vous pouvez g\u00e9rer les fichiers t\u00e9moins via les param\u00e8tres de votre navigateur.\r\n\r\n<strong>6. Droits<\/strong>\r\nVous avez le droit d&#8217;acc\u00e9der, de mettre \u00e0 jour ou de supprimer vos informations personnelles en nous contactant.\r\n\r\n<strong>7. Mises \u00e0 jour<\/strong>\r\nNous pouvons mettre \u00e0 jour cette politique de temps \u00e0 autre. Les modifications seront affich\u00e9es sur cette page.\r\n\r\nPour toute question ou information compl\u00e9mentaire, contactez-nous \u00e0 :\r\n<strong>T\u00e9l\u00e9phone<\/strong>\u00a0: <a href=\"tel:15198211250\">(519) 821-1250<\/a>\r\n<strong>Email<\/strong>\u00a0:\u00a0<a href=\"mailto:info@korzite.com\" rel=\"noopener\">info@korzite.com<\/a>\r\n<strong>Adresse<\/strong>\u00a0: 7134 Wellington St., Guelph, Ontario, N1H 6N3\t\t\t\t\t\t\t\t<\/div>\n\t\t\t\t<\/div>\n\t\t\t\t\t<\/div>\n\t\t<\/div>\n\t\t\t\t\t<\/div>\n\t\t<\/section>\n\t\t\t\t<\/div>\n\t\t","protected":false},"excerpt":{"rendered":"<p>Politique de confidentialit\u00e9 Derni\u00e8re mise \u00e0 jour\u00a0: Septembre 2024 Chez\u00a0Korzite Coatings Inc., nous attachons une grande importance \u00e0 votre vie priv\u00e9e et nous nous engageons \u00e0 prot\u00e9ger vos informations personnelles. Cette politique de confidentialit\u00e9 explique comment nous collectons, utilisons et prot\u00e9geons vos informations. 1. Collecte d&#8217;informations Nous pouvons recueillir des informations personnelles telles que votre [&hellip;]<\/p>\n","protected":false},"author":3,"featured_media":0,"parent":0,"menu_order":0,"comment_status":"closed","ping_status":"closed","template":"","meta":{"footnotes":""},"class_list":["post-7290","page","type-page","status-publish","hentry"],"_links":{"self":[{"href":"https:\/\/korzite.com\/fr\/wp-json\/wp\/v2\/pages\/7290","targetHints":{"allow":["GET"]}}],"collection":[{"href":"https:\/\/korzite.com\/fr\/wp-json\/wp\/v2\/pages"}],"about":[{"href":"https:\/\/korzite.com\/fr\/wp-json\/wp\/v2\/types\/page"}],"author":[{"embeddable":true,"href":"https:\/\/korzite.com\/fr\/wp-json\/wp\/v2\/users\/3"}],"replies":[{"embeddable":true,"href":"https:\/\/korzite.com\/fr\/wp-json\/wp\/v2\/comments?post=7290"}],"version-history":[{"count":0,"href":"https:\/\/korzite.com\/fr\/wp-json\/wp\/v2\/pages\/7290\/revisions"}],"wp:attachment":[{"href":"https:\/\/korzite.com\/fr\/wp-json\/wp\/v2\/media?parent=7290"}],"curies":[{"name":"wp","href":"https:\/\/api.w.org\/{rel}","templated":true}]}}